{"id":34,"date":"2019-11-04T10:51:15","date_gmt":"2019-11-04T09:51:15","guid":{"rendered":"http:\/\/xn--vderbacken-q5a.se\/?page_id=34"},"modified":"2019-11-11T08:18:01","modified_gmt":"2019-11-11T07:18:01","slug":"tjanster","status":"publish","type":"page","link":"https:\/\/xn--vderbacken-q5a.se\/?page_id=34","title":{"rendered":"Tj\u00e4nster"},"content":{"rendered":"\t\t<div data-elementor-type=\"wp-page\" data-elementor-id=\"34\" class=\"elementor elementor-34\">\n\t\t\t\t\t\t<section class=\"elementor-section elementor-top-section elementor-element elementor-element-d5ae75e elementor-section-boxed elementor-section-height-default elementor-section-height-default\" data-id=\"d5ae75e\" data-element_type=\"section\">\n\t\t\t\t\t\t<div class=\"elementor-container elementor-column-gap-default\">\n\t\t\t\t\t<div class=\"elementor-column elementor-col-100 elementor-top-column elementor-element elementor-element-26e2f61\" data-id=\"26e2f61\" data-element_type=\"column\">\n\t\t\t<div class=\"elementor-widget-wrap elementor-element-populated\">\n\t\t\t\t\t\t<section class=\"elementor-section elementor-inner-section elementor-element elementor-element-a63ab4a elementor-section-boxed elementor-section-height-default elementor-section-height-default\" data-id=\"a63ab4a\" data-element_type=\"section\">\n\t\t\t\t\t\t<div class=\"elementor-container elementor-column-gap-default\">\n\t\t\t\t\t<div class=\"elementor-column elementor-col-50 elementor-inner-column elementor-element elementor-element-5394330\" data-id=\"5394330\" data-element_type=\"column\">\n\t\t\t<div class=\"elementor-widget-wrap elementor-element-populated\">\n\t\t\t\t\t\t<div class=\"elementor-element elementor-element-239b2a2 elementor-widget elementor-widget-heading\" data-id=\"239b2a2\" data-element_type=\"widget\" data-widget_type=\"heading.default\">\n\t\t\t\t<div class=\"elementor-widget-container\">\n\t\t\t\t\t<h2 class=\"elementor-heading-title elementor-size-default\">Pension\u00e4rsservice<\/h2>\t\t\t\t<\/div>\n\t\t\t\t<\/div>\n\t\t\t\t<div class=\"elementor-element elementor-element-9d5637b elementor-widget elementor-widget-text-editor\" data-id=\"9d5637b\" data-element_type=\"widget\" data-widget_type=\"text-editor.default\">\n\t\t\t\t<div class=\"elementor-widget-container\">\n\t\t\t\t\t\t\t\t\t<p>V\u00e4derbacken tillhandah\u00e5ller f\u00f6r Smedjebackens kommuns r\u00e4kning, pension\u00e4rsservice f\u00f6r pension\u00e4rer skrivna i Smedjebackens kommun.<\/p><p>Tj\u00e4nster som ing\u00e5r i pension\u00e4rsservice \u00e4r:<\/p><ul><li>Sn\u00f6skottning<\/li><li>Sandning<\/li><li>Gr\u00e4sklippning<\/li><li>Gr\u00e4s och slyr\u00f6jning<\/li><li>L\u00f6vr\u00e4fsning<\/li><li>Skr\u00e4pk\u00f6rning<\/li><li>Flytthj\u00e4lp<\/li><\/ul><p>Maskiner och transporter ing\u00e5r i ovanst\u00e5ende tj\u00e4nster.<\/p><p>Alla tj\u00e4nster inom pension\u00e4rsservice \u00e4r inklusive moms och tj\u00e4nster ber\u00e4ttigar RUT-avdrag.<\/p><p>RUT-avdrag ombes\u00f6rjes av V\u00e4derbacken AB.<\/p>\t\t\t\t\t\t\t\t<\/div>\n\t\t\t\t<\/div>\n\t\t\t\t\t<\/div>\n\t\t<\/div>\n\t\t\t\t<div class=\"elementor-column elementor-col-50 elementor-inner-column elementor-element elementor-element-64d61c8\" data-id=\"64d61c8\" data-element_type=\"column\">\n\t\t\t<div class=\"elementor-widget-wrap elementor-element-populated\">\n\t\t\t\t\t\t<div class=\"elementor-element elementor-element-d8b3a6c elementor-widget elementor-widget-image\" data-id=\"d8b3a6c\" data-element_type=\"widget\" data-widget_type=\"image.default\">\n\t\t\t\t<div class=\"elementor-widget-container\">\n\t\t\t\t\t\t\t\t\t\t\t\t\t\t\t<img decoding=\"async\" src=\"https:\/\/xn--vderbacken-q5a.se\/wp-content\/uploads\/elementor\/thumbs\/grasklippare_01-e1572939621709-pdtefhfjpw5o6xf0pzyt09m3na43kjkt7ba4nykao0.jpg\" title=\"grasklippare_01\" alt=\"grasklippare_01\" loading=\"lazy\" \/>\t\t\t\t\t\t\t\t\t\t\t\t\t\t\t<\/div>\n\t\t\t\t<\/div>\n\t\t\t\t\t<\/div>\n\t\t<\/div>\n\t\t\t\t\t<\/div>\n\t\t<\/section>\n\t\t\t\t\t<\/div>\n\t\t<\/div>\n\t\t\t\t\t<\/div>\n\t\t<\/section>\n\t\t\t\t<section class=\"elementor-section elementor-top-section elementor-element elementor-element-40fd1c0 elementor-section-boxed elementor-section-height-default elementor-section-height-default\" data-id=\"40fd1c0\" data-element_type=\"section\">\n\t\t\t\t\t\t<div class=\"elementor-container elementor-column-gap-default\">\n\t\t\t\t\t<div class=\"elementor-column elementor-col-100 elementor-top-column elementor-element elementor-element-00944de\" data-id=\"00944de\" data-element_type=\"column\">\n\t\t\t<div class=\"elementor-widget-wrap elementor-element-populated\">\n\t\t\t\t\t\t<div class=\"elementor-element elementor-element-fab830d elementor-widget-divider--view-line elementor-widget elementor-widget-divider\" data-id=\"fab830d\" data-element_type=\"widget\" data-widget_type=\"divider.default\">\n\t\t\t\t<div class=\"elementor-widget-container\">\n\t\t\t\t\t\t\t<div class=\"elementor-divider\">\n\t\t\t<span class=\"elementor-divider-separator\">\n\t\t\t\t\t\t<\/span>\n\t\t<\/div>\n\t\t\t\t\t\t<\/div>\n\t\t\t\t<\/div>\n\t\t\t\t\t<\/div>\n\t\t<\/div>\n\t\t\t\t\t<\/div>\n\t\t<\/section>\n\t\t\t\t<section class=\"elementor-section elementor-top-section elementor-element elementor-element-dd4f8f5 elementor-section-boxed elementor-section-height-default elementor-section-height-default\" data-id=\"dd4f8f5\" data-element_type=\"section\">\n\t\t\t\t\t\t<div class=\"elementor-container elementor-column-gap-default\">\n\t\t\t\t\t<div class=\"elementor-column elementor-col-100 elementor-top-column elementor-element elementor-element-3e737b2\" data-id=\"3e737b2\" data-element_type=\"column\">\n\t\t\t<div class=\"elementor-widget-wrap elementor-element-populated\">\n\t\t\t\t\t\t<div class=\"elementor-element elementor-element-ba9e63b elementor-widget elementor-widget-heading\" data-id=\"ba9e63b\" data-element_type=\"widget\" data-widget_type=\"heading.default\">\n\t\t\t\t<div class=\"elementor-widget-container\">\n\t\t\t\t\t<h2 class=\"elementor-heading-title elementor-size-default\">\u00d6vriga tj\u00e4nster<\/h2>\t\t\t\t<\/div>\n\t\t\t\t<\/div>\n\t\t\t\t<section class=\"elementor-section elementor-inner-section elementor-element elementor-element-95ad38e elementor-section-boxed elementor-section-height-default elementor-section-height-default\" data-id=\"95ad38e\" data-element_type=\"section\">\n\t\t\t\t\t\t<div class=\"elementor-container elementor-column-gap-default\">\n\t\t\t\t\t<div class=\"elementor-column elementor-col-50 elementor-inner-column elementor-element elementor-element-fa1e77d\" data-id=\"fa1e77d\" data-element_type=\"column\">\n\t\t\t<div class=\"elementor-widget-wrap elementor-element-populated\">\n\t\t\t\t\t\t<div class=\"elementor-element elementor-element-88c79e5 elementor-widget elementor-widget-image\" data-id=\"88c79e5\" data-element_type=\"widget\" data-widget_type=\"image.default\">\n\t\t\t\t<div class=\"elementor-widget-container\">\n\t\t\t\t\t\t\t\t\t\t\t\t\t\t\t<img fetchpriority=\"high\" decoding=\"async\" width=\"640\" height=\"480\" src=\"https:\/\/xn--vderbacken-q5a.se\/wp-content\/uploads\/farstall_04.jpg\" class=\"attachment-large size-large wp-image-51\" alt=\"\" srcset=\"https:\/\/xn--vderbacken-q5a.se\/wp-content\/uploads\/farstall_04.jpg 640w, https:\/\/xn--vderbacken-q5a.se\/wp-content\/uploads\/farstall_04-300x225.jpg 300w\" sizes=\"(max-width: 640px) 100vw, 640px\" \/>\t\t\t\t\t\t\t\t\t\t\t\t\t\t\t<\/div>\n\t\t\t\t<\/div>\n\t\t\t\t\t<\/div>\n\t\t<\/div>\n\t\t\t\t<div class=\"elementor-column elementor-col-50 elementor-inner-column elementor-element elementor-element-5eee544\" data-id=\"5eee544\" data-element_type=\"column\">\n\t\t\t<div class=\"elementor-widget-wrap elementor-element-populated\">\n\t\t\t\t\t\t<div class=\"elementor-element elementor-element-172a33b elementor-widget elementor-widget-text-editor\" data-id=\"172a33b\" data-element_type=\"widget\" data-widget_type=\"text-editor.default\">\n\t\t\t\t<div class=\"elementor-widget-container\">\n\t\t\t\t\t\t\t\t\t<p>V\u00e4derbacken kan \u00e4ven utf\u00f6ra diverse tj\u00e4nster f\u00f6r privatpersoner, f\u00f6reningar och f\u00f6retag.<\/p><p>Exempel p\u00e5 tj\u00e4nster som kan tillhandah\u00e5llas:<\/p><ul><li>Sn\u00f6skottning<\/li><li>Sandning<\/li><li>Gr\u00e4sklippning<\/li><li>Gr\u00e4s och slyr\u00f6jning<\/li><li>L\u00f6vr\u00e4fsning<\/li><li>Skr\u00e4pk\u00f6rning<\/li><li>Flytthj\u00e4lp<\/li><li>Tr\u00e4df\u00e4llning<\/li><li>Enklare skogsarbeten<\/li><li>Enklare snickeriarbeten<\/li><li>Enklare maskinarbeten<\/li><li>Transporthj\u00e4lp<\/li><\/ul><p>\u00a0<\/p>\t\t\t\t\t\t\t\t<\/div>\n\t\t\t\t<\/div>\n\t\t\t\t\t<\/div>\n\t\t<\/div>\n\t\t\t\t\t<\/div>\n\t\t<\/section>\n\t\t\t\t\t<\/div>\n\t\t<\/div>\n\t\t\t\t\t<\/div>\n\t\t<\/section>\n\t\t\t\t<section class=\"elementor-section elementor-top-section elementor-element elementor-element-a449030 elementor-section-boxed elementor-section-height-default elementor-section-height-default\" data-id=\"a449030\" data-element_type=\"section\">\n\t\t\t\t\t\t<div class=\"elementor-container elementor-column-gap-default\">\n\t\t\t\t\t<div class=\"elementor-column elementor-col-100 elementor-top-column elementor-element elementor-element-d370a3b\" data-id=\"d370a3b\" data-element_type=\"column\">\n\t\t\t<div class=\"elementor-widget-wrap elementor-element-populated\">\n\t\t\t\t\t\t<section class=\"elementor-section elementor-inner-section elementor-element elementor-element-bd056ff elementor-section-boxed elementor-section-height-default elementor-section-height-default\" data-id=\"bd056ff\" data-element_type=\"section\">\n\t\t\t\t\t\t<div class=\"elementor-container elementor-column-gap-default\">\n\t\t\t\t\t<div class=\"elementor-column elementor-col-50 elementor-inner-column elementor-element elementor-element-3e31ca3\" data-id=\"3e31ca3\" data-element_type=\"column\">\n\t\t\t<div class=\"elementor-widget-wrap elementor-element-populated\">\n\t\t\t\t\t\t<div class=\"elementor-element elementor-element-3b0fefc elementor-widget elementor-widget-text-editor\" data-id=\"3b0fefc\" data-element_type=\"widget\" data-widget_type=\"text-editor.default\">\n\t\t\t\t<div class=\"elementor-widget-container\">\n\t\t\t\t\t\t\t\t\t<p>\u00d6vriga tj\u00e4nster enligt ovan debiteras per timme med 250 kr\/timme exklusive moms, transport, material och maskinkostnad kan tillkomma f\u00f6r arbeten d\u00e4r det erfordras.<\/p><p>\u00d6vriga tj\u00e4nster:<\/p><ul><li>Vedf\u00f6rs\u00e4ljning<\/li><li>F\u00e5ruthyrning<\/li><li>F\u00e5rklippning<\/li><\/ul><p>RUT och ROT avdrag kan vara ber\u00e4ttiga f\u00f6r utf\u00f6rda tj\u00e4nster och ombes\u00f6rjes av V\u00e4derbacken AB.<br \/><br \/>Vedf\u00f6rs\u00e4ljning av nykluven ved (ej torr) inklusive transport inom 5 km fr\u00e5n V\u00e4derbacken (d\u00e4rut\u00f6ver 20 kr\/km exkl moms) kostar 320 kr\/kubik exklusive moms.<\/p>\t\t\t\t\t\t\t\t<\/div>\n\t\t\t\t<\/div>\n\t\t\t\t\t<\/div>\n\t\t<\/div>\n\t\t\t\t<div class=\"elementor-column elementor-col-50 elementor-inner-column elementor-element elementor-element-2a2e851\" data-id=\"2a2e851\" data-element_type=\"column\">\n\t\t\t<div class=\"elementor-widget-wrap elementor-element-populated\">\n\t\t\t\t\t\t<div class=\"elementor-element elementor-element-11e1340 elementor-widget elementor-widget-image\" data-id=\"11e1340\" data-element_type=\"widget\" data-widget_type=\"image.default\">\n\t\t\t\t<div class=\"elementor-widget-container\">\n\t\t\t\t\t\t\t\t\t\t\t\t\t\t\t<img decoding=\"async\" width=\"640\" height=\"480\" src=\"https:\/\/xn--vderbacken-q5a.se\/wp-content\/uploads\/ved_01.jpg\" class=\"attachment-large size-large wp-image-61\" alt=\"\" srcset=\"https:\/\/xn--vderbacken-q5a.se\/wp-content\/uploads\/ved_01.jpg 640w, https:\/\/xn--vderbacken-q5a.se\/wp-content\/uploads\/ved_01-300x225.jpg 300w\" sizes=\"(max-width: 640px) 100vw, 640px\" \/>\t\t\t\t\t\t\t\t\t\t\t\t\t\t\t<\/div>\n\t\t\t\t<\/div>\n\t\t\t\t\t<\/div>\n\t\t<\/div>\n\t\t\t\t\t<\/div>\n\t\t<\/section>\n\t\t\t\t\t<\/div>\n\t\t<\/div>\n\t\t\t\t\t<\/div>\n\t\t<\/section>\n\t\t\t\t<\/div>\n\t\t","protected":false},"excerpt":{"rendered":"<p>Pension\u00e4rsservice V\u00e4derbacken tillhandah\u00e5ller f\u00f6r Smedjebackens kommuns r\u00e4kning, pension\u00e4rsservice f\u00f6r pension\u00e4rer skrivna i Smedjebackens kommun. Tj\u00e4nster som ing\u00e5r i pension\u00e4rsservice \u00e4r: Sn\u00f6skottning Sandning Gr\u00e4sklippning Gr\u00e4s och slyr\u00f6jning L\u00f6vr\u00e4fsning Skr\u00e4pk\u00f6rning Flytthj\u00e4lp Maskiner och transporter ing\u00e5r i ovanst\u00e5ende tj\u00e4nster. Alla tj\u00e4nster inom pension\u00e4rsservice \u00e4r inklusive moms och tj\u00e4nster ber\u00e4ttigar RUT-avdrag. RUT-avdrag ombes\u00f6rjes av V\u00e4derbacken AB. \u00d6vriga tj\u00e4nster V\u00e4derbacken<\/p>\n","protected":false},"author":2,"featured_media":0,"parent":0,"menu_order":0,"comment_status":"closed","ping_status":"closed","template":"elementor_header_footer","meta":{"footnotes":""},"_links":{"self":[{"href":"https:\/\/xn--vderbacken-q5a.se\/index.php?rest_route=\/wp\/v2\/pages\/34"}],"collection":[{"href":"https:\/\/xn--vderbacken-q5a.se\/index.php?rest_route=\/wp\/v2\/pages"}],"about":[{"href":"https:\/\/xn--vderbacken-q5a.se\/index.php?rest_route=\/wp\/v2\/types\/page"}],"author":[{"embeddable":true,"href":"https:\/\/xn--vderbacken-q5a.se\/index.php?rest_route=\/wp\/v2\/users\/2"}],"replies":[{"embeddable":true,"href":"https:\/\/xn--vderbacken-q5a.se\/index.php?rest_route=%2Fwp%2Fv2%2Fcomments&post=34"}],"version-history":[{"count":14,"href":"https:\/\/xn--vderbacken-q5a.se\/index.php?rest_route=\/wp\/v2\/pages\/34\/revisions"}],"predecessor-version":[{"id":105,"href":"https:\/\/xn--vderbacken-q5a.se\/index.php?rest_route=\/wp\/v2\/pages\/34\/revisions\/105"}],"wp:attachment":[{"href":"https:\/\/xn--vderbacken-q5a.se\/index.php?rest_route=%2Fwp%2Fv2%2Fmedia&parent=34"}],"curies":[{"name":"wp","href":"https:\/\/api.w.org\/{rel}","templated":true}]}}