{"id":37,"date":"2019-11-04T10:51:29","date_gmt":"2019-11-04T09:51:29","guid":{"rendered":"http:\/\/xn--vderbacken-q5a.se\/?page_id=37"},"modified":"2019-11-11T10:03:40","modified_gmt":"2019-11-11T09:03:40","slug":"kontakt","status":"publish","type":"page","link":"https:\/\/xn--vderbacken-q5a.se\/?page_id=37","title":{"rendered":"Kontakt"},"content":{"rendered":"\t\t<div data-elementor-type=\"wp-page\" data-elementor-id=\"37\" class=\"elementor elementor-37\">\n\t\t\t\t\t\t<section class=\"elementor-section elementor-top-section elementor-element elementor-element-79fee71 elementor-section-boxed elementor-section-height-default elementor-section-height-default\" data-id=\"79fee71\" data-element_type=\"section\">\n\t\t\t\t\t\t<div class=\"elementor-container elementor-column-gap-default\">\n\t\t\t\t\t<div class=\"elementor-column elementor-col-100 elementor-top-column elementor-element elementor-element-722a044\" data-id=\"722a044\" data-element_type=\"column\">\n\t\t\t<div class=\"elementor-widget-wrap\">\n\t\t\t\t\t\t\t<\/div>\n\t\t<\/div>\n\t\t\t\t\t<\/div>\n\t\t<\/section>\n\t\t\t\t<section class=\"elementor-section elementor-top-section elementor-element elementor-element-ac9428e elementor-section-boxed elementor-section-height-default elementor-section-height-default\" data-id=\"ac9428e\" data-element_type=\"section\">\n\t\t\t\t\t\t<div class=\"elementor-container elementor-column-gap-default\">\n\t\t\t\t\t<div class=\"elementor-column elementor-col-100 elementor-top-column elementor-element elementor-element-9c2eae1\" data-id=\"9c2eae1\" data-element_type=\"column\">\n\t\t\t<div class=\"elementor-widget-wrap elementor-element-populated\">\n\t\t\t\t\t\t<div class=\"elementor-element elementor-element-b1cf022 elementor-widget elementor-widget-heading\" data-id=\"b1cf022\" data-element_type=\"widget\" data-widget_type=\"heading.default\">\n\t\t\t\t<div class=\"elementor-widget-container\">\n\t\t\t\t\t<h2 class=\"elementor-heading-title elementor-size-default\">Kontakt<\/h2>\t\t\t\t<\/div>\n\t\t\t\t<\/div>\n\t\t\t\t<section class=\"elementor-section elementor-inner-section elementor-element elementor-element-8ece2f7 elementor-section-boxed elementor-section-height-default elementor-section-height-default\" data-id=\"8ece2f7\" data-element_type=\"section\">\n\t\t\t\t\t\t<div class=\"elementor-container elementor-column-gap-default\">\n\t\t\t\t\t<div class=\"elementor-column elementor-col-50 elementor-inner-column elementor-element elementor-element-4119a34\" data-id=\"4119a34\" data-element_type=\"column\">\n\t\t\t<div class=\"elementor-widget-wrap elementor-element-populated\">\n\t\t\t\t\t\t<div class=\"elementor-element elementor-element-e9e044f elementor-widget elementor-widget-text-editor\" data-id=\"e9e044f\" data-element_type=\"widget\" data-widget_type=\"text-editor.default\">\n\t\t\t\t<div class=\"elementor-widget-container\">\n\t\t\t\t\t\t\t\t\t<p><strong>Adress<br \/><\/strong>V\u00e4derbacken Allservice AB (svb)<br \/>Kuskgatan 11<br \/>777 50 Smedjebacken<\/p><p><strong>Webbplats<br \/><\/strong>www.v\u00e4derbacken.se<\/p><p><strong>Best\u00e4llning<br \/><\/strong>Telefon: 073-841 83 00<br \/>Mail: <a href=\"mailto:bestallning@vaderbacken.se\">bestallning@vaderbacken.se<\/a><\/p><p><strong>Peter Delerud<\/strong><br \/>070-316 54 25<br \/>peter@v\u00e4derbacken.se<\/p><p><strong>Mattias Nilsson<\/strong><br \/>072-724 59 29<br \/>mattias@v\u00e4derbacken.se<\/p><p><strong>Kalle Johansson<\/strong><br \/>072-724 58 02<br \/>kalle@v\u00e4derbacken.se<\/p>\t\t\t\t\t\t\t\t<\/div>\n\t\t\t\t<\/div>\n\t\t\t\t\t<\/div>\n\t\t<\/div>\n\t\t\t\t<div class=\"elementor-column elementor-col-50 elementor-inner-column elementor-element elementor-element-920dad7\" data-id=\"920dad7\" data-element_type=\"column\">\n\t\t\t<div class=\"elementor-widget-wrap elementor-element-populated\">\n\t\t\t\t\t\t<div class=\"elementor-element elementor-element-cada975 elementor-widget elementor-widget-image\" data-id=\"cada975\" data-element_type=\"widget\" data-widget_type=\"image.default\">\n\t\t\t\t<div class=\"elementor-widget-container\">\n\t\t\t\t\t\t\t\t\t\t\t\t\t\t\t<img fetchpriority=\"high\" decoding=\"async\" width=\"640\" height=\"480\" src=\"https:\/\/xn--vderbacken-q5a.se\/wp-content\/uploads\/skylt_01.jpg\" class=\"attachment-full size-full wp-image-59\" alt=\"V\u00e4derbacken skylt\" srcset=\"https:\/\/xn--vderbacken-q5a.se\/wp-content\/uploads\/skylt_01.jpg 640w, https:\/\/xn--vderbacken-q5a.se\/wp-content\/uploads\/skylt_01-300x225.jpg 300w\" sizes=\"(max-width: 640px) 100vw, 640px\" \/>\t\t\t\t\t\t\t\t\t\t\t\t\t\t\t<\/div>\n\t\t\t\t<\/div>\n\t\t\t\t\t<\/div>\n\t\t<\/div>\n\t\t\t\t\t<\/div>\n\t\t<\/section>\n\t\t\t\t\t<\/div>\n\t\t<\/div>\n\t\t\t\t\t<\/div>\n\t\t<\/section>\n\t\t\t\t<\/div>\n\t\t","protected":false},"excerpt":{"rendered":"<p>Kontakt AdressV\u00e4derbacken Allservice AB (svb)Kuskgatan 11777 50 Smedjebacken Webbplatswww.v\u00e4derbacken.se Best\u00e4llningTelefon: 073-841 83 00Mail: bestallning@vaderbacken.se Peter Delerud070-316 54 25peter@v\u00e4derbacken.se Mattias Nilsson072-724 59 29mattias@v\u00e4derbacken.se Kalle Johansson072-724 58 02kalle@v\u00e4derbacken.se<\/p>\n","protected":false},"author":2,"featured_media":0,"parent":0,"menu_order":0,"comment_status":"closed","ping_status":"closed","template":"elementor_header_footer","meta":{"footnotes":""},"_links":{"self":[{"href":"https:\/\/xn--vderbacken-q5a.se\/index.php?rest_route=\/wp\/v2\/pages\/37"}],"collection":[{"href":"https:\/\/xn--vderbacken-q5a.se\/index.php?rest_route=\/wp\/v2\/pages"}],"about":[{"href":"https:\/\/xn--vderbacken-q5a.se\/index.php?rest_route=\/wp\/v2\/types\/page"}],"author":[{"embeddable":true,"href":"https:\/\/xn--vderbacken-q5a.se\/index.php?rest_route=\/wp\/v2\/users\/2"}],"replies":[{"embeddable":true,"href":"https:\/\/xn--vderbacken-q5a.se\/index.php?rest_route=%2Fwp%2Fv2%2Fcomments&post=37"}],"version-history":[{"count":6,"href":"https:\/\/xn--vderbacken-q5a.se\/index.php?rest_route=\/wp\/v2\/pages\/37\/revisions"}],"predecessor-version":[{"id":111,"href":"https:\/\/xn--vderbacken-q5a.se\/index.php?rest_route=\/wp\/v2\/pages\/37\/revisions\/111"}],"wp:attachment":[{"href":"https:\/\/xn--vderbacken-q5a.se\/index.php?rest_route=%2Fwp%2Fv2%2Fmedia&parent=37"}],"curies":[{"name":"wp","href":"https:\/\/api.w.org\/{rel}","templated":true}]}}